{"id":5615,"date":"2019-03-05T08:51:36","date_gmt":"2019-03-05T08:51:36","guid":{"rendered":"https:\/\/kaminomichi.com\/product\/bracelete-amor\/"},"modified":"2019-03-05T08:51:36","modified_gmt":"2019-03-05T08:51:36","slug":"bracelete-amor","status":"publish","type":"product","link":"https:\/\/kaminomichi.com\/ja\/product\/bracelete-amor\/","title":{"rendered":"Bracelete Amor"},"content":{"rendered":"<p>O amor \u00e9 leve, musical, exuberante. Ao mesmo tempo, discreto, humilde e profundo. O Amor tem a ver com o sentimento de pertencer \u00e0 uma comunidade, de ser querido e bem recebido por todos.<\/p>\n<p>Amor \u00e9 qu\u00edmica do corpo, \u00e9 conex\u00e3o de neur\u00f4nios, ultrapassa o f\u00edsico, penetra os pensamentos e se expande no toque.<\/p>\n<p>A pulseira do Amor \u00e9 adornada com folhas de sakaki, a \u00e1rvore sagrada sempre verde do Shinto. Ela cont\u00e9m um torii, o portal que abre o sagrado para quem passa por ele e a cam\u00e9lia vermelha, flor dos samurais \u2013 que denota honra, coragem e prop\u00f3sito. No miolo da cam\u00e9lia, uma safira dourada para canalizar as boas energias do exterior. E, ao lado dela, tocando sua pele com carinho, uma turmalina rosa para fazer com que essas energias entrem nas veias de quem a usa.<\/p>\n<p>Para quem busca o amor maior, o amor que n\u00e3o \u00e9 apenas carnal, para quem quer se ver livre da solid\u00e3o.<\/p>\n<p>Para ver como usar <a href=\"https:\/\/kaminomichi.com\/the-awakening\/\">clique aqui<\/a><\/p>\n<p><b>MANTRA<\/b><b><br \/>\n<\/b><br \/>\nTodos os dias na eternidade<br \/>\nQue o amor emane de voc\u00ea para voc\u00ea.<br \/>\nQue a energia vital que move os mundos repouse sobre sua cabe\u00e7a.<br \/>\nO amor venha a voc\u00ea todos os dias.<\/p>\n","protected":false},"excerpt":{"rendered":"<p>O amor \u00e9 leve, musical, exuberante. Ao mesmo tempo, discreto, humilde e profundo. O Amor tem a ver com o sentimento de pertencer \u00e0 uma comunidade, de ser querido e bem recebido por todos.<\/p>\n","protected":false},"featured_media":4476,"comment_status":"open","ping_status":"closed","template":"","meta":[],"product_brand":[],"product_cat":[98,99],"product_tag":[101],"class_list":{"0":"post-5615","1":"product","2":"type-product","3":"status-publish","4":"has-post-thumbnail","6":"product_cat-98","7":"product_cat-99","8":"product_tag-101","9":"product_shipping_class-100","11":"first","12":"instock","13":"shipping-taxable","14":"purchasable","15":"product-type-simple","16":"prodpage-style2"},"_links":{"self":[{"href":"https:\/\/kaminomichi.com\/ja\/wp-json\/wp\/v2\/product\/5615","targetHints":{"allow":["GET"]}}],"collection":[{"href":"https:\/\/kaminomichi.com\/ja\/wp-json\/wp\/v2\/product"}],"about":[{"href":"https:\/\/kaminomichi.com\/ja\/wp-json\/wp\/v2\/types\/product"}],"replies":[{"embeddable":true,"href":"https:\/\/kaminomichi.com\/ja\/wp-json\/wp\/v2\/comments?post=5615"}],"wp:featuredmedia":[{"embeddable":true,"href":"https:\/\/kaminomichi.com\/ja\/wp-json\/wp\/v2\/media\/4476"}],"wp:attachment":[{"href":"https:\/\/kaminomichi.com\/ja\/wp-json\/wp\/v2\/media?parent=5615"}],"wp:term":[{"taxonomy":"product_brand","embeddable":true,"href":"https:\/\/kaminomichi.com\/ja\/wp-json\/wp\/v2\/product_brand?post=5615"},{"taxonomy":"product_cat","embeddable":true,"href":"https:\/\/kaminomichi.com\/ja\/wp-json\/wp\/v2\/product_cat?post=5615"},{"taxonomy":"product_tag","embeddable":true,"href":"https:\/\/kaminomichi.com\/ja\/wp-json\/wp\/v2\/product_tag?post=5615"}],"curies":[{"name":"wp","href":"https:\/\/api.w.org\/{rel}","templated":true}]}}