{"id":5614,"date":"2025-07-28T14:25:22","date_gmt":"2025-07-28T14:25:22","guid":{"rendered":"https:\/\/kaminomichi.com\/product\/bracelete-saude\/"},"modified":"2025-09-22T14:46:11","modified_gmt":"2025-09-22T14:46:11","slug":"bracelete-saude","status":"publish","type":"product","link":"https:\/\/kaminomichi.com\/ja\/product\/bracelete-saude\/","title":{"rendered":"Bracelete Sa\u00fade"},"content":{"rendered":"<p>Uma \u00fanica pedra \u2013 a malaquita verde. E uma shimenawa (\u6a19\u7e04\/\u6ce8\u9023\u7e04\/\u4e03\u4e94\u4e09\u7e04).<span class=\"Apple-converted-space\">\u00a0<\/span><\/p>\n<p>Amaterasu, o grande Kami que brilha no c\u00e9u, ou o Sol na Terra, escondeu-se em uma caverna ap\u00f3s uma discuss\u00e3o com seu irm\u00e3o Susanoo. E o mundo ficou sob as trevas. Quando finalmente Amaterasu deixou a caverna, o kami Futo-tama usou uma corda m\u00e1gica que tra\u00e7ou uma linha de demarca\u00e7\u00e3o entre o Sol e a caverna. Por causa da shimenawa, o universo voltou ao seu estado anterior.<\/p>\n<p>Quando se busca a sa\u00fade e a longevidade, esse omamori escolhe a pessoa. Ap\u00f3s coloc\u00e1-lo, ele n\u00e3o deve mais ser retirado do pulso esquerdo. A pessoa que o usa, precisa ter perto de si o mantra manuscrito pelos monges Takeda, acender a vela no pote de kimchi<span class=\"Apple-converted-space\">\u00a0 <\/span>e projetar todos os desejos de sa\u00fade. A pulseira n\u00e3o \u00e9 um rem\u00e9dio e muito menos tem propriedades curativas. Ela \u00e9 um token de que sua reabilita\u00e7\u00e3o come\u00e7a a acontecer quando voc\u00ea se liberta de pensamentos negativos e deixa as trevas. Seu corpo \u00e9 um ser de luz e a luz que emana deste amuleto \u00e9 energia divina e eterna.<\/p>\n<p><strong>MANTRA<br \/>\n<\/strong><br \/>\n<em>Milhares de milhares de deuses curam voc\u00ea.<\/em><br \/>\n<em>Milhares de milhares de deuses restauram seu sopro de vida.<\/em><br \/>\n<em>Milhares de milhares de deuses protegem voc\u00ea para sempre.<\/em><\/p>\n","protected":false},"excerpt":{"rendered":"<p>Uma \u00fanica pedra \u2013 a malaquita verde. E um shimenawa. Voc\u00ea \u00e9 importante, voc\u00ea est\u00e1 vivo e emana luz.<\/p>\n","protected":false},"featured_media":4482,"comment_status":"open","ping_status":"closed","template":"","meta":[],"product_brand":[],"product_cat":[98,99],"product_tag":[101],"class_list":{"0":"post-5614","1":"product","2":"type-product","3":"status-publish","4":"has-post-thumbnail","6":"product_cat-98","7":"product_cat-99","8":"product_tag-101","9":"product_shipping_class-100","11":"first","12":"instock","13":"shipping-taxable","14":"purchasable","15":"product-type-simple","16":"prodpage-style2"},"_links":{"self":[{"href":"https:\/\/kaminomichi.com\/ja\/wp-json\/wp\/v2\/product\/5614","targetHints":{"allow":["GET"]}}],"collection":[{"href":"https:\/\/kaminomichi.com\/ja\/wp-json\/wp\/v2\/product"}],"about":[{"href":"https:\/\/kaminomichi.com\/ja\/wp-json\/wp\/v2\/types\/product"}],"replies":[{"embeddable":true,"href":"https:\/\/kaminomichi.com\/ja\/wp-json\/wp\/v2\/comments?post=5614"}],"wp:featuredmedia":[{"embeddable":true,"href":"https:\/\/kaminomichi.com\/ja\/wp-json\/wp\/v2\/media\/4482"}],"wp:attachment":[{"href":"https:\/\/kaminomichi.com\/ja\/wp-json\/wp\/v2\/media?parent=5614"}],"wp:term":[{"taxonomy":"product_brand","embeddable":true,"href":"https:\/\/kaminomichi.com\/ja\/wp-json\/wp\/v2\/product_brand?post=5614"},{"taxonomy":"product_cat","embeddable":true,"href":"https:\/\/kaminomichi.com\/ja\/wp-json\/wp\/v2\/product_cat?post=5614"},{"taxonomy":"product_tag","embeddable":true,"href":"https:\/\/kaminomichi.com\/ja\/wp-json\/wp\/v2\/product_tag?post=5614"}],"curies":[{"name":"wp","href":"https:\/\/api.w.org\/{rel}","templated":true}]}}