{"id":5613,"date":"2019-03-05T08:48:33","date_gmt":"2019-03-05T08:48:33","guid":{"rendered":"https:\/\/kaminomichi.com\/product\/one-small-step-can-change-your-life-2\/"},"modified":"2025-07-28T14:34:06","modified_gmt":"2025-07-28T14:34:06","slug":"one-small-step-can-change-your-life-2","status":"publish","type":"product","link":"https:\/\/kaminomichi.com\/ja\/product\/one-small-step-can-change-your-life-2\/","title":{"rendered":"Bracelete Dinheiro"},"content":{"rendered":"<p><span\">DESCRI\u00c7\u00c3O<\/span><\/p>\n<p><span\">N\u00e3o existe preconceito ou limite para o que voc\u00ea queira da vida. Mas saiba: a pessoa tem riqueza verdadeira quando ela sabe o momento de parar.<\/span><\/p>\n<p><span\">Carros, uma casa de campo, viagens, o que se desejar do mundo material ser\u00e1 concedido se seguirmos o caminho dos kamis, atuando com verdade e sabedoria. Portanto saiba pedir, use da objetividade e tenha claro que isso significa um anseio e um limite. A pessoa tocada pela riqueza \u00e9 uma grande multiplicadora de riquezas para os que est\u00e3o em seu entorno.<\/span><\/p>\n<p><span>A maior riqueza est\u00e1 em se doar e em compartilhar a abund\u00e2ncia. Concentre-se na conversa com o divino (o mantra manuscrito pelos monges serve de guia), acenda a vela no pote de kimchi e coloque a pulseira.<\/span><\/p>\n<p><span>As 3 pedras preciosas \u2013 Benitoite, citrino e ametista &#8211; ativam as energias e apontam o caminho. Se estivermos atento aos sinais, nada faltar\u00e1.<\/span><\/p>\n<p><strong>MANTRA<br \/>\n<\/strong><br \/>\n<em>Ben\u00e7\u00e3os da prosperidade agora v\u00eam at\u00e9 voc\u00ea<\/em><br \/>\n<em>Voc\u00ea nada ter\u00e1<\/em><br \/>\n<em>Onde s\u00f3 coloca for\u00e7a e n\u00e3o alma<\/em><br \/>\n<em>O sagrado prosperar\u00e1 em abund\u00e2ncia.<\/em><\/p>\n","protected":false},"excerpt":{"rendered":"<p>As 3 pedras preciosas ativam as energias e apontam o caminho. Se voc\u00ea estiver atento aos sinais, nada lhe faltar\u00e1.<\/p>\n","protected":false},"featured_media":4479,"comment_status":"open","ping_status":"closed","template":"","meta":[],"product_brand":[],"product_cat":[98,99],"product_tag":[101],"class_list":{"0":"post-5613","1":"product","2":"type-product","3":"status-publish","4":"has-post-thumbnail","6":"product_cat-98","7":"product_cat-99","8":"product_tag-101","9":"product_shipping_class-100","11":"first","12":"instock","13":"shipping-taxable","14":"purchasable","15":"product-type-simple","16":"prodpage-style2"},"_links":{"self":[{"href":"https:\/\/kaminomichi.com\/ja\/wp-json\/wp\/v2\/product\/5613","targetHints":{"allow":["GET"]}}],"collection":[{"href":"https:\/\/kaminomichi.com\/ja\/wp-json\/wp\/v2\/product"}],"about":[{"href":"https:\/\/kaminomichi.com\/ja\/wp-json\/wp\/v2\/types\/product"}],"replies":[{"embeddable":true,"href":"https:\/\/kaminomichi.com\/ja\/wp-json\/wp\/v2\/comments?post=5613"}],"wp:featuredmedia":[{"embeddable":true,"href":"https:\/\/kaminomichi.com\/ja\/wp-json\/wp\/v2\/media\/4479"}],"wp:attachment":[{"href":"https:\/\/kaminomichi.com\/ja\/wp-json\/wp\/v2\/media?parent=5613"}],"wp:term":[{"taxonomy":"product_brand","embeddable":true,"href":"https:\/\/kaminomichi.com\/ja\/wp-json\/wp\/v2\/product_brand?post=5613"},{"taxonomy":"product_cat","embeddable":true,"href":"https:\/\/kaminomichi.com\/ja\/wp-json\/wp\/v2\/product_cat?post=5613"},{"taxonomy":"product_tag","embeddable":true,"href":"https:\/\/kaminomichi.com\/ja\/wp-json\/wp\/v2\/product_tag?post=5613"}],"curies":[{"name":"wp","href":"https:\/\/api.w.org\/{rel}","templated":true}]}}