{"id":4950,"date":"2024-10-10T11:04:19","date_gmt":"2024-10-10T11:04:19","guid":{"rendered":"https:\/\/kaminomichi.com\/product\/pulseira-fire-dragon-ultimas-unidades\/"},"modified":"2025-07-28T13:51:07","modified_gmt":"2025-07-28T13:51:07","slug":"pulseira-fire-dragon-ultimas-unidades","status":"publish","type":"product","link":"https:\/\/kaminomichi.com\/ja\/product\/pulseira-fire-dragon-ultimas-unidades\/","title":{"rendered":"Pulseira Fire Dragon"},"content":{"rendered":"","protected":false},"excerpt":{"rendered":"<p>Pulseira Ryu &#8211; Edi\u00e7\u00e3o Especial para o Ano do Drag\u00e3o de Fogo<\/p>\n","protected":false},"featured_media":4990,"comment_status":"open","ping_status":"closed","template":"","meta":[],"product_brand":[],"product_cat":[73],"product_tag":[],"class_list":{"0":"post-4950","1":"product","2":"type-product","3":"status-publish","4":"has-post-thumbnail","6":"product_cat-bracelete","8":"first","9":"instock","10":"shipping-taxable","11":"purchasable","12":"product-type-simple","13":"prodpage-style2"},"_links":{"self":[{"href":"https:\/\/kaminomichi.com\/ja\/wp-json\/wp\/v2\/product\/4950","targetHints":{"allow":["GET"]}}],"collection":[{"href":"https:\/\/kaminomichi.com\/ja\/wp-json\/wp\/v2\/product"}],"about":[{"href":"https:\/\/kaminomichi.com\/ja\/wp-json\/wp\/v2\/types\/product"}],"replies":[{"embeddable":true,"href":"https:\/\/kaminomichi.com\/ja\/wp-json\/wp\/v2\/comments?post=4950"}],"wp:featuredmedia":[{"embeddable":true,"href":"https:\/\/kaminomichi.com\/ja\/wp-json\/wp\/v2\/media\/4990"}],"wp:attachment":[{"href":"https:\/\/kaminomichi.com\/ja\/wp-json\/wp\/v2\/media?parent=4950"}],"wp:term":[{"taxonomy":"product_brand","embeddable":true,"href":"https:\/\/kaminomichi.com\/ja\/wp-json\/wp\/v2\/product_brand?post=4950"},{"taxonomy":"product_cat","embeddable":true,"href":"https:\/\/kaminomichi.com\/ja\/wp-json\/wp\/v2\/product_cat?post=4950"},{"taxonomy":"product_tag","embeddable":true,"href":"https:\/\/kaminomichi.com\/ja\/wp-json\/wp\/v2\/product_tag?post=4950"}],"curies":[{"name":"wp","href":"https:\/\/api.w.org\/{rel}","templated":true}]}}